{"id":400,"date":"2021-11-12T06:53:32","date_gmt":"2021-11-12T05:53:32","guid":{"rendered":"http:\/\/workprofi.local\/?page_id=400"},"modified":"2022-04-25T11:20:17","modified_gmt":"2022-04-25T09:20:17","slug":"home","status":"publish","type":"page","link":"https:\/\/work-profi.ch\/en\/","title":{"rendered":"Home"},"content":{"rendered":"<div class=\"wp-block-stackable-hero alignfull hero stk-block-hero stk-block stk-08a909b stk-block-background stk--has-background-overlay\" data-block-id=\"08a909b\"><style>.stk-08a909b{background-color:#1c5f97 !important;background-image:url(https:\/\/work-profi.ch\/wp-content\/uploads\/2022\/02\/welder_100fps_Trim.mp4) !important}.stk-08a909b:before{opacity:0.4 !important;mix-blend-mode:color !important;background-image:linear-gradient(160deg,#1c5f97 57%,#000000 100%) !important}.stk-08a909b{min-height:900px !important;margin-bottom:0px !important;display:flex !important}.stk-08a909b{align-items:center !important}.stk-08a909b .stk-block-hero__content{min-height:500px !important;display:flex !important}.stk-08a909b .stk-block-hero__content{align-items:center !important}.stk-08a909b > .stk-separator__bottom .stk-separator__wrapper{height:200px !important}<\/style><div class=\"stk-block-hero__content stk-content-align stk-08a909b-column alignwide stk-container stk-08a909b-container stk--no-background stk--no-padding\"><div class=\"stk-block-content stk-inner-blocks has-text-align-center\">\n<div class=\"wp-block-stackable-spacer stk-block-spacer stk--no-padding stk-block stk-112f685\" data-block-id=\"112f685\"><style>.stk-112f685{height:0px !important}<\/style><\/div>\n\n\n\n<div class=\"wp-block-stackable-heading stk-block-heading stk-block stk-c15fb3c\" id=\"ihr-partner-fur-projektausfuhrung\" data-block-id=\"c15fb3c\"><style>.stk-c15fb3c{margin-top:-147px !important;margin-bottom:37px !important;display:flex !important}.stk-c15fb3c{justify-content:flex-start !important;flex-direction:column !important}.stk-c15fb3c{z-index:100 !important}.stk-c15fb3c .stk-block-heading__text{font-size:32px !important;color:#FFFFFF !important;font-weight:300 !important;font-family:\"IBM Plex Sans\",Sans-serif !important}@media screen and (max-width:1023px){.stk-c15fb3c .stk-block-heading__text{font-size:32px !important}}<\/style><h1 class=\"stk-block-heading__text has-text-color has-white-color\">Your partner for project execution <\/h1><\/div>\n\n\n\n<div class=\"wp-block-stackable-columns stk-block-columns stk-block stk-3ce086d\" data-block-id=\"3ce086d\"><style>.stk-3ce086d{margin-bottom:0px !important}<\/style><div class=\"stk-row stk-inner-blocks stk-block-content stk-content-align stk-3ce086d-column\">\n<div class=\"wp-block-stackable-column stk-block-column stk-column stk-block stk-d5bb291\" data-block-id=\"d5bb291\"><div class=\"stk-column-wrapper stk-block-column__content stk-container stk-d5bb291-container stk--no-background stk--no-padding\"><div class=\"stk-block-content stk-inner-blocks\"><\/div><\/div><\/div>\n<\/div><\/div>\n\n\n\n<div class=\"wp-block-stackable-text stk-block-text stk-block stk-cb47353\" data-block-id=\"cb47353\"><style>.stk-cb47353{z-index:100 !important}.stk-cb47353 .stk-block-text__text{color:#FFFFFF !important}<\/style><p class=\"stk-block-text__text has-text-color has-white-color\"><\/p><\/div>\n\n\n\n<div class=\"wp-block-stackable-button-group stk-block-button-group stk-block stk-89d9702\" data-block-id=\"89d9702\"><style>.stk-89d9702{z-index:100 !important}<\/style><div class=\"stk-row stk-inner-blocks stk-block-content stk-button-group\">\n<div class=\"wp-block-stackable-button stk-block-button wkp-button-primary stk-block stk-1a15986\" data-block-id=\"1a15986\"><style>.stk-1a15986 .stk-button{padding-right:40px !important;padding-left:40px !important;background:#1c5f97 !important}.stk-1a15986 .stk-button:before{box-shadow:0px 10px 7px 2px rgba(0,0,0,0.1) !important;border-style:solid !important;border-color:#000000 !important;border-top-width:0px !important;border-right-width:0px !important;border-bottom-width:1px !important;border-left-width:0px !important}.stk-1a15986 .stk-button:hover:before{box-shadow:0px 0px 100px 0px rgba(255,255,255,1) !important;border-color:#ffffff !important;border-top-width:0px !important;border-right-width:0px !important;border-bottom-width:2px !important;border-left-width:0px !important}.stk-1a15986 .stk-button .stk--inner-svg svg:last-child{height:0px !important;width:0px !important}.stk-1a15986 .stk-button .stk--inner-svg svg:last-child,.stk-1a15986 .stk-button .stk--inner-svg svg:last-child :is(g,path,rect,polygon,ellipse){fill:#000000 !important}.stk-1a15986 .stk-button__inner-text{font-size:20px !important;color:#ffffff !important;font-family:\"IBM Plex Sans\",Sans-serif !important}@media screen and (max-width:1023px){.stk-1a15986 .stk-button__inner-text{font-size:20px !important}}<\/style><a class=\"stk-link stk-button stk--hover-effect-darken\" href=\"http:\/\/work-profi.ch\/en\/kontakt\/\"><span class=\"has-text-color has-white-color stk-button__inner-text\">Feel free to contact us!<\/span><\/a><\/div>\n<\/div><\/div>\n<\/div><\/div><video class=\"stk-video-background\" autoplay muted loop playsinline src=\"https:\/\/work-profi.ch\/wp-content\/uploads\/2022\/02\/welder_100fps_Trim.mp4\"><\/video><\/div>\n\n\n<div class='anc_6310_main_counter'><div class=\"anc-6310-row\">\r\n    <div class=\"anc-6310-counter-1-paralax\">\r\n        <div class=\"anc-6310-counter-1-common-overlay\">\r\n            <div class=\"anc-6310-counter-1-row\">\r\n                                    <div class=\"anc-6310-col-4\">\r\n                        <div class=\"anc-6310-counter-1\">\r\n                            <div class=\"anc-6310-counter-1-icon\">\r\n                                <i class=\"fas fa-tasks\"><\/i>\r\n                            <\/div>\r\n                            <div class=\"anc-6310-counter-1-count-content\">\r\n                                <div class=\"anc-6310-counter-1-count-content-inner\">\r\n                                    <div class=\"anc-6310-counter-1-count-number anc-6310-counter-number\" \r\n                                    id=\"anc-6310-1-3\"\r\n                                    data-anc-6310-start=\"0\" \r\n                                    data-anc-6310-end=\"36\" \r\n                                    data-anc-6310-decimal=\"0\" \r\n                                    data-anc-6310-duration=\".5\" \r\n                                    data-anc-6310-thousands-separator=\",\"\r\n                                >\r\n                                        0\r\n                                    <\/div>\r\n                                <\/div>\r\n                            <\/div>\r\n                            <div class=\"anc-6310-counter-1-count-title\">Projects<\/div>\r\n                        <\/div>\r\n                    <\/div>\r\n                                    <div class=\"anc-6310-col-4\">\r\n                        <div class=\"anc-6310-counter-1\">\r\n                            <div class=\"anc-6310-counter-1-icon\">\r\n                                <i class=\"fas fa-male\"><\/i>\r\n                            <\/div>\r\n                            <div class=\"anc-6310-counter-1-count-content\">\r\n                                <div class=\"anc-6310-counter-1-count-content-inner\">\r\n                                    <div class=\"anc-6310-counter-1-count-number anc-6310-counter-number\" \r\n                                    id=\"anc-6310-1-2\"\r\n                                    data-anc-6310-start=\"0\" \r\n                                    data-anc-6310-end=\"60\" \r\n                                    data-anc-6310-decimal=\"0\" \r\n                                    data-anc-6310-duration=\".5\" \r\n                                    data-anc-6310-thousands-separator=\",\"\r\n                                >\r\n                                        0\r\n                                    <\/div>\r\n                                <\/div>\r\n                            <\/div>\r\n                            <div class=\"anc-6310-counter-1-count-title\">Employees<\/div>\r\n                        <\/div>\r\n                    <\/div>\r\n                                    <div class=\"anc-6310-col-4\">\r\n                        <div class=\"anc-6310-counter-1\">\r\n                            <div class=\"anc-6310-counter-1-icon\">\r\n                                <i class=\"fas fa-user-tie\"><\/i>\r\n                            <\/div>\r\n                            <div class=\"anc-6310-counter-1-count-content\">\r\n                                <div class=\"anc-6310-counter-1-count-content-inner\">\r\n                                    <div class=\"anc-6310-counter-1-count-number anc-6310-counter-number\" \r\n                                    id=\"anc-6310-1-1\"\r\n                                    data-anc-6310-start=\"0\" \r\n                                    data-anc-6310-end=\"28\" \r\n                                    data-anc-6310-decimal=\"0\" \r\n                                    data-anc-6310-duration=\".5\" \r\n                                    data-anc-6310-thousands-separator=\",\"\r\n                                >\r\n                                        0\r\n                                    <\/div>\r\n                                <\/div>\r\n                            <\/div>\r\n                            <div class=\"anc-6310-counter-1-count-title\">Customers<\/div>\r\n                        <\/div>\r\n                    <\/div>\r\n                            <\/div>\r\n        <\/div>\r\n    <\/div>\r\n<\/div>\r\n<\/div>\n\n\n\n<div class=\"wp-block-stackable-columns alignwide stk-block-columns stk-block stk-7582e52\" data-block-id=\"7582e52\"><style>.stk-7582e52{margin-bottom:150px !important}<\/style><div class=\"stk-row stk-inner-blocks stk-block-content stk-content-align stk-7582e52-column alignwide\">\n<div class=\"wp-block-stackable-column stk-block-column stk-column stk-block stk-24c6116\" data-block-id=\"24c6116\"><div class=\"stk-column-wrapper stk-block-column__content stk-container stk-24c6116-container stk--no-background stk--no-padding\"><div class=\"stk-block-content stk-inner-blocks\">\n<div class=\"wp-block-stackable-columns stk-block-columns stk-block stk-dd476c8\" data-block-id=\"dd476c8\"><style>.stk-dd476c8{margin-bottom:25px !important}.stk-dd476c8-column{--stk-column-gap:48px !important}<\/style><div class=\"stk-row stk-inner-blocks stk-block-content stk-content-align stk-dd476c8-column\">\n<div class=\"wp-block-stackable-column stk-block-column stk-column stk-block stk-4b9ec5f\" data-block-id=\"4b9ec5f\"><style>.stk-4b9ec5f .stk-block-column__content{display:flex !important}.stk-4b9ec5f .stk-block-column__content{align-items:center !important}<\/style><div class=\"stk-column-wrapper stk-block-column__content stk-container stk-4b9ec5f-container stk--no-background stk--no-padding\"><div class=\"stk-block-content stk-inner-blocks\">\n<div class=\"wp-block-stackable-columns stk-block-columns stk-block stk-3270c30\" data-block-id=\"3270c30\"><div class=\"stk-row stk-inner-blocks stk-block-content stk-content-align stk-3270c30-column\">\n<div class=\"wp-block-stackable-column stk-block-column stk-column stk-block stk-8160804\" data-block-id=\"8160804\"><div class=\"stk-column-wrapper stk-block-column__content stk-container stk-8160804-container stk--no-background stk--no-padding\"><div class=\"stk-block-content stk-inner-blocks\">\n<div class=\"wp-block-stackable-columns stk-block-columns stk-block stk-2919880\" data-block-id=\"2919880\"><div class=\"stk-row stk-inner-blocks stk-block-content stk-content-align stk-2919880-column\">\n<div class=\"wp-block-stackable-column stk-block-column stk-column stk-block stk-a131cdf stk-block-background stk--has-background-overlay\" data-block-id=\"a131cdf\"><style>.stk-a131cdf{background-color:#1c5f97 !important;background-image:url(https:\/\/work-profi.ch\/wp-content\/uploads\/2021\/11\/400020000789_60902.jpg) !important;background-attachment:fixed !important;background-position:center center !important;background-repeat:no-repeat !important;background-size:cover !important}.stk-a131cdf:before{background-color:#1c5f97 !important;opacity:0.4 !important}<\/style><div class=\"stk-column-wrapper stk-block-column__content stk-container stk-a131cdf-container stk--no-background stk--no-padding\"><div class=\"stk-block-content stk-inner-blocks\">\n<div class=\"wp-block-stackable-spacer stk-block-spacer stk--no-padding stk-block stk-69f4f7a\" data-block-id=\"69f4f7a\"><style>.stk-69f4f7a{height:400px !important}<\/style><\/div>\n<\/div><\/div><\/div>\n<\/div><\/div>\n\n\n\n<p class=\"has-text-align-center\">We can give you the support you need with the specific requirements of your next project!<br>For each project, we work with you to find the most suitable solution for you. Our flexibility enables you to master every challenge with ease.<\/p>\n\n\n\n<p class=\"has-text-align-center\">Your next project needs a Workprofi!<\/p>\n<\/div><\/div><\/div>\n<\/div><\/div>\n<\/div><\/div><\/div>\n<\/div><\/div>\n\n\n\n<div class=\"wp-block-stackable-columns stk-block-columns stk-block stk-d833b3d\" data-block-id=\"d833b3d\"><div class=\"stk-row stk-inner-blocks stk-block-content stk-content-align stk-d833b3d-column\">\n<div class=\"wp-block-stackable-column home-square-feature stk-block-column stk-column stk-block stk-2a0fd6d\" data-block-id=\"2a0fd6d\"><div class=\"stk-column-wrapper stk-block-column__content stk-container stk-2a0fd6d-container stk--no-background stk--no-padding\"><div class=\"stk-block-content stk-inner-blocks\">\n<div class=\"wp-block-stackable-icon stk-block-icon has-text-align-center stk-block stk-ae04168\" data-block-id=\"ae04168\"><style>.stk-ae04168 .stk--svg-wrapper .stk--inner-svg svg:last-child,.stk-ae04168 .stk--svg-wrapper .stk--inner-svg svg:last-child :is(g,path,rect,polygon,ellipse){fill:#000000 !important}<\/style><span class=\"stk--svg-wrapper\"><div class=\"stk--inner-svg\"><svg style=\"height:0;width:0\"><defs><lineargradient id=\"linear-gradient-ae04168\" x1=\"0\" x2=\"100%\" y1=\"0\" y2=\"0\"><stop offset=\"0%\" style=\"stop-opacity:1;stop-color:var(--linear-gradient-ae-04168-color-1)\"><\/stop><stop offset=\"100%\" style=\"stop-opacity:1;stop-color:var(--linear-gradient-ae-04168-color-2)\"><\/stop><\/lineargradient><\/defs><\/svg><svg aria-hidden=\"true\" focusable=\"false\" data-prefix=\"fas\" data-icon=\"industry\" class=\"svg-inline--fa fa-industry fa-w-16\" xmlns=\"http:\/\/www.w3.org\/2000\/svg\" viewbox=\"0 0 512 512\" width=\"32\" height=\"32\"><path fill=\"currentColor\" d=\"M475.115 163.781L336 252.309v-68.28c0-18.916-20.931-30.399-36.885-20.248L160 252.309V56c0-13.255-10.745-24-24-24H24C10.745 32 0 42.745 0 56v400c0 13.255 10.745 24 24 24h464c13.255 0 24-10.745 24-24V184.029c0-18.917-20.931-30.399-36.885-20.248z\"><\/path><\/svg><\/div><\/span><\/div>\n\n\n\n<div class=\"wp-block-stackable-heading stk-block-heading stk-block stk-a95ec24\" id=\"industrien\" data-block-id=\"a95ec24\"><style>.stk-a95ec24{margin-bottom:16px !important}.stk-a95ec24 .stk-block-heading__text{margin:0 !important}<\/style><h3 class=\"stk-block-heading__text has-text-align-center\">Industries<\/h3><\/div>\n\n\n\n<div class=\"wp-block-stackable-text stk-block-text stk-block stk-30ff8a9\" data-block-id=\"30ff8a9\"><p class=\"stk-block-text__text has-text-align-center\">Find out in which industries we are at home<\/p><\/div>\n\n\n\n<div class=\"wp-block-stackable-icon stk-block-icon has-text-align-center stk-block stk-5542c5b\" data-block-id=\"5542c5b\"><style>.stk-5542c5b .stk--svg-wrapper .stk--inner-svg svg:last-child{height:16px !important;width:16px !important}.stk-5542c5b .stk--svg-wrapper .stk--inner-svg svg:last-child,.stk-5542c5b .stk--svg-wrapper .stk--inner-svg svg:last-child :is(g,path,rect,polygon,ellipse){fill:#000000 !important}<\/style><span class=\"stk--svg-wrapper\"><div class=\"stk--inner-svg\"><svg style=\"height:0;width:0\"><defs><lineargradient id=\"linear-gradient-5542c5b\" x1=\"0\" x2=\"100%\" y1=\"0\" y2=\"0\"><stop offset=\"0%\" style=\"stop-opacity:1;stop-color:var(--linear-gradient-5542-c-5-b-color-1)\"><\/stop><stop offset=\"100%\" style=\"stop-opacity:1;stop-color:var(--linear-gradient-5542-c-5-b-color-2)\"><\/stop><\/lineargradient><\/defs><\/svg><svg aria-hidden=\"true\" focusable=\"false\" data-prefix=\"fas\" data-icon=\"external-link-alt\" class=\"svg-inline--fa fa-external-link-alt fa-w-16\" xmlns=\"http:\/\/www.w3.org\/2000\/svg\" viewbox=\"0 0 512 512\" width=\"32\" height=\"32\"><path fill=\"currentColor\" d=\"M432,320H400a16,16,0,0,0-16,16V448H64V128H208a16,16,0,0,0,16-16V80a16,16,0,0,0-16-16H48A48,48,0,0,0,0,112V464a48,48,0,0,0,48,48H400a48,48,0,0,0,48-48V336A16,16,0,0,0,432,320ZM488,0h-128c-21.37,0-32.05,25.91-17,41l35.73,35.73L135,320.37a24,24,0,0,0,0,34L157.67,377a24,24,0,0,0,34,0L435.28,133.32,471,169c15,15,41,4.5,41-17V24A24,24,0,0,0,488,0Z\"><\/path><\/svg><\/div><\/span><\/div>\n<\/div><a class=\"stk-link stk-block-link stk--transparent-overlay\" href=\"https:\/\/work-profi.ch\/en\/industrien-2\/\" aria-hidden=\"true\" tabindex=\"-1\"><\/a><\/div><\/div>\n\n\n\n<div class=\"wp-block-stackable-column home-square-feature stk-block-column stk-column stk-block stk-f6ff998\" data-block-id=\"f6ff998\"><div class=\"stk-column-wrapper stk-block-column__content stk-container stk-f6ff998-container stk--no-background stk--no-padding\"><div class=\"stk-block-content stk-inner-blocks\">\n<div class=\"wp-block-stackable-icon stk-block-icon has-text-align-center stk-block stk-7f0e1c7\" data-block-id=\"7f0e1c7\"><style>.stk-7f0e1c7 .stk--svg-wrapper .stk--inner-svg svg:last-child,.stk-7f0e1c7 .stk--svg-wrapper .stk--inner-svg svg:last-child :is(g,path,rect,polygon,ellipse){fill:#000000 !important}<\/style><span class=\"stk--svg-wrapper\"><div class=\"stk--inner-svg\"><svg style=\"height:0;width:0\"><defs><lineargradient id=\"linear-gradient-7f0e1c7\" x1=\"0\" x2=\"100%\" y1=\"0\" y2=\"0\"><stop offset=\"0%\" style=\"stop-opacity:1;stop-color:var(--linear-gradient-7-f-0-e-1-c-7-color-1)\"><\/stop><stop offset=\"100%\" style=\"stop-opacity:1;stop-color:var(--linear-gradient-7-f-0-e-1-c-7-color-2)\"><\/stop><\/lineargradient><\/defs><\/svg><svg aria-hidden=\"true\" focusable=\"false\" data-prefix=\"fas\" data-icon=\"tools\" class=\"svg-inline--fa fa-tools fa-w-16\" xmlns=\"http:\/\/www.w3.org\/2000\/svg\" viewbox=\"0 0 512 512\" width=\"32\" height=\"32\"><path fill=\"currentColor\" d=\"M501.1 395.7L384 278.6c-23.1-23.1-57.6-27.6-85.4-13.9L192 158.1V96L64 0 0 64l96 128h62.1l106.6 106.6c-13.6 27.8-9.2 62.3 13.9 85.4l117.1 117.1c14.6 14.6 38.2 14.6 52.7 0l52.7-52.7c14.5-14.6 14.5-38.2 0-52.7zM331.7 225c28.3 0 54.9 11 74.9 31l19.4 19.4c15.8-6.9 30.8-16.5 43.8-29.5 37.1-37.1 49.7-89.3 37.9-136.7-2.2-9-13.5-12.1-20.1-5.5l-74.4 74.4-67.9-11.3L334 98.9l74.4-74.4c6.6-6.6 3.4-17.9-5.7-20.2-47.4-11.7-99.6.9-136.6 37.9-28.5 28.5-41.9 66.1-41.2 103.6l82.1 82.1c8.1-1.9 16.5-2.9 24.7-2.9zm-103.9 82l-56.7-56.7L18.7 402.8c-25 25-25 65.5 0 90.5s65.5 25 90.5 0l123.6-123.6c-7.6-19.9-9.9-41.6-5-62.7zM64 472c-13.2 0-24-10.8-24-24 0-13.3 10.7-24 24-24s24 10.7 24 24c0 13.2-10.7 24-24 24z\"><\/path><\/svg><\/div><\/span><\/div>\n\n\n\n<div class=\"wp-block-stackable-heading stk-block-heading stk-block stk-9885039\" id=\"services\" data-block-id=\"9885039\"><style>.stk-9885039{margin-bottom:16px !important}.stk-9885039 .stk-block-heading__text{margin:0 !important}<\/style><h3 class=\"stk-block-heading__text has-text-align-center\">Services<\/h3><\/div>\n\n\n\n<div class=\"wp-block-stackable-text stk-block-text stk-block stk-6de5cbb\" data-block-id=\"6de5cbb\"><p class=\"stk-block-text__text has-text-align-center\">We provide the support you need for your next project<\/p><\/div>\n\n\n\n<div class=\"wp-block-stackable-icon stk-block-icon has-text-align-center stk-block stk-ebf96a0\" data-block-id=\"ebf96a0\"><style>.stk-ebf96a0 .stk--svg-wrapper .stk--inner-svg svg:last-child{height:16px !important;width:16px !important}.stk-ebf96a0 .stk--svg-wrapper .stk--inner-svg svg:last-child,.stk-ebf96a0 .stk--svg-wrapper .stk--inner-svg svg:last-child :is(g,path,rect,polygon,ellipse){fill:#000000 !important}<\/style><span class=\"stk--svg-wrapper\"><div class=\"stk--inner-svg\"><svg style=\"height:0;width:0\"><defs><lineargradient id=\"linear-gradient-ebf96a0\" x1=\"0\" x2=\"100%\" y1=\"0\" y2=\"0\"><stop offset=\"0%\" style=\"stop-opacity:1;stop-color:var(--linear-gradient-ebf-96-a-0-color-1)\"><\/stop><stop offset=\"100%\" style=\"stop-opacity:1;stop-color:var(--linear-gradient-ebf-96-a-0-color-2)\"><\/stop><\/lineargradient><\/defs><\/svg><svg aria-hidden=\"true\" focusable=\"false\" data-prefix=\"fas\" data-icon=\"external-link-alt\" class=\"svg-inline--fa fa-external-link-alt fa-w-16\" xmlns=\"http:\/\/www.w3.org\/2000\/svg\" viewbox=\"0 0 512 512\" width=\"32\" height=\"32\"><path fill=\"currentColor\" d=\"M432,320H400a16,16,0,0,0-16,16V448H64V128H208a16,16,0,0,0,16-16V80a16,16,0,0,0-16-16H48A48,48,0,0,0,0,112V464a48,48,0,0,0,48,48H400a48,48,0,0,0,48-48V336A16,16,0,0,0,432,320ZM488,0h-128c-21.37,0-32.05,25.91-17,41l35.73,35.73L135,320.37a24,24,0,0,0,0,34L157.67,377a24,24,0,0,0,34,0L435.28,133.32,471,169c15,15,41,4.5,41-17V24A24,24,0,0,0,488,0Z\"><\/path><\/svg><\/div><\/span><\/div>\n<\/div><a class=\"stk-link stk-block-link stk--transparent-overlay\" href=\"https:\/\/work-profi.ch\/en\/services-new-page\/\" aria-hidden=\"true\" tabindex=\"-1\"><\/a><\/div><\/div>\n\n\n\n<div class=\"wp-block-stackable-column home-square-feature stk-block-column stk-column stk-block stk-f45983e\" data-block-id=\"f45983e\"><div class=\"stk-column-wrapper stk-block-column__content stk-container stk-f45983e-container stk--no-background stk--no-padding\"><div class=\"stk-block-content stk-inner-blocks\">\n<div class=\"wp-block-stackable-icon stk-block-icon has-text-align-center stk-block stk-1035fdb\" data-block-id=\"1035fdb\"><style>.stk-1035fdb .stk--svg-wrapper .stk--inner-svg svg:last-child,.stk-1035fdb .stk--svg-wrapper .stk--inner-svg svg:last-child :is(g,path,rect,polygon,ellipse){fill:#000000 !important}<\/style><span class=\"stk--svg-wrapper\"><div class=\"stk--inner-svg\"><svg style=\"height:0;width:0\"><defs><lineargradient id=\"linear-gradient-1035fdb\" x1=\"0\" x2=\"100%\" y1=\"0\" y2=\"0\"><stop offset=\"0%\" style=\"stop-opacity:1;stop-color:var(--linear-gradient-1035-fdb-color-1)\"><\/stop><stop offset=\"100%\" style=\"stop-opacity:1;stop-color:var(--linear-gradient-1035-fdb-color-2)\"><\/stop><\/lineargradient><\/defs><\/svg><svg aria-hidden=\"true\" focusable=\"false\" data-prefix=\"fas\" data-icon=\"star\" class=\"svg-inline--fa fa-star fa-w-18\" xmlns=\"http:\/\/www.w3.org\/2000\/svg\" viewbox=\"0 0 576 512\" width=\"32\" height=\"32\"><path fill=\"currentColor\" d=\"M259.3 17.8L194 150.2 47.9 171.5c-26.2 3.8-36.7 36.1-17.7 54.6l105.7 103-25 145.5c-4.5 26.3 23.2 46 46.4 33.7L288 439.6l130.7 68.7c23.2 12.2 50.9-7.4 46.4-33.7l-25-145.5 105.7-103c19-18.5 8.5-50.8-17.7-54.6L382 150.2 316.7 17.8c-11.7-23.6-45.6-23.9-57.4 0z\"><\/path><\/svg><\/div><\/span><\/div>\n\n\n\n<div class=\"wp-block-stackable-heading stk-block-heading stk-block stk-9dc2732\" id=\"referenzen\" data-block-id=\"9dc2732\"><style>.stk-9dc2732{margin-bottom:16px !important}.stk-9dc2732 .stk-block-heading__text{margin:0 !important}<\/style><h3 class=\"stk-block-heading__text has-text-align-center\">References<\/h3><\/div>\n\n\n\n<div class=\"wp-block-stackable-text stk-block-text stk-block stk-cf54d37\" data-block-id=\"cf54d37\"><p class=\"stk-block-text__text has-text-align-center\">Find out more about our global projects<br><\/p><\/div>\n\n\n\n<div class=\"wp-block-stackable-icon stk-block-icon has-text-align-center stk-block stk-ef01242\" data-block-id=\"ef01242\"><style>.stk-ef01242 .stk--svg-wrapper .stk--inner-svg svg:last-child{height:16px !important;width:16px !important}.stk-ef01242 .stk--svg-wrapper .stk--inner-svg svg:last-child,.stk-ef01242 .stk--svg-wrapper .stk--inner-svg svg:last-child :is(g,path,rect,polygon,ellipse){fill:#000000 !important}<\/style><span class=\"stk--svg-wrapper\"><div class=\"stk--inner-svg\"><svg style=\"height:0;width:0\"><defs><lineargradient id=\"linear-gradient-ef01242\" x1=\"0\" x2=\"100%\" y1=\"0\" y2=\"0\"><stop offset=\"0%\" style=\"stop-opacity:1;stop-color:var(--linear-gradient-ef-01242-color-1)\"><\/stop><stop offset=\"100%\" style=\"stop-opacity:1;stop-color:var(--linear-gradient-ef-01242-color-2)\"><\/stop><\/lineargradient><\/defs><\/svg><svg aria-hidden=\"true\" focusable=\"false\" data-prefix=\"fas\" data-icon=\"external-link-alt\" class=\"svg-inline--fa fa-external-link-alt fa-w-16\" xmlns=\"http:\/\/www.w3.org\/2000\/svg\" viewbox=\"0 0 512 512\" width=\"32\" height=\"32\"><path fill=\"currentColor\" d=\"M432,320H400a16,16,0,0,0-16,16V448H64V128H208a16,16,0,0,0,16-16V80a16,16,0,0,0-16-16H48A48,48,0,0,0,0,112V464a48,48,0,0,0,48,48H400a48,48,0,0,0,48-48V336A16,16,0,0,0,432,320ZM488,0h-128c-21.37,0-32.05,25.91-17,41l35.73,35.73L135,320.37a24,24,0,0,0,0,34L157.67,377a24,24,0,0,0,34,0L435.28,133.32,471,169c15,15,41,4.5,41-17V24A24,24,0,0,0,488,0Z\"><\/path><\/svg><\/div><\/span><\/div>\n<\/div><a class=\"stk-link stk-block-link stk--transparent-overlay\" href=\"https:\/\/work-profi.ch\/en\/referenzen\/\" aria-hidden=\"true\" tabindex=\"-1\"><\/a><\/div><\/div>\n<\/div><\/div>\n<\/div><\/div><\/div>\n<\/div><\/div>","protected":false},"excerpt":{"rendered":"<p>Ihr Partner f\u00fcr Projektausf\u00fchrung Nehmen Sie mit uns Kontakt auf! Wir k\u00f6nnen Ihnen bei den spezifischen Anforderungen bei Ihrem n\u00e4chsten Projekt die ben\u00f6tigte Unterst\u00fctzung geben!Bei jedem Projekt finden wir mit Ihnen gemeinsam die f\u00fcr Sie passendste L\u00f6sung. Unsere Flexibilit\u00e4t erm\u00f6glicht es Ihnen jede Herausforderung mit einem k\u00fchlen Kopf zu meistern. F\u00fcr Ihr n\u00e4chstes Projekt braucht es einen Workprofi! Industrien Finden Sie heraus in welchen Industriezweigen wir zu Hause sind Services Wir bieten Ihnen die ben\u00f6tigte Unterst\u00fctzung f\u00fcr Ihr n\u00e4chstes Projekt Referenzen Finden Sie mehr \u00fcber unsere globalen Projekte heraus<\/p>","protected":false},"author":1,"featured_media":0,"parent":0,"menu_order":0,"comment_status":"closed","ping_status":"closed","template":"","meta":{"inline_featured_image":false,"footnotes":""},"class_list":["post-400","page","type-page","status-publish"],"_links":{"self":[{"href":"https:\/\/work-profi.ch\/en\/wp-json\/wp\/v2\/pages\/400","targetHints":{"allow":["GET"]}}],"collection":[{"href":"https:\/\/work-profi.ch\/en\/wp-json\/wp\/v2\/pages"}],"about":[{"href":"https:\/\/work-profi.ch\/en\/wp-json\/wp\/v2\/types\/page"}],"author":[{"embeddable":true,"href":"https:\/\/work-profi.ch\/en\/wp-json\/wp\/v2\/users\/1"}],"replies":[{"embeddable":true,"href":"https:\/\/work-profi.ch\/en\/wp-json\/wp\/v2\/comments?post=400"}],"version-history":[{"count":221,"href":"https:\/\/work-profi.ch\/en\/wp-json\/wp\/v2\/pages\/400\/revisions"}],"predecessor-version":[{"id":2593,"href":"https:\/\/work-profi.ch\/en\/wp-json\/wp\/v2\/pages\/400\/revisions\/2593"}],"wp:attachment":[{"href":"https:\/\/work-profi.ch\/en\/wp-json\/wp\/v2\/media?parent=400"}],"curies":[{"name":"wp","href":"https:\/\/api.w.org\/{rel}","templated":true}]}}