{"id":2200,"date":"2022-01-20T14:36:41","date_gmt":"2022-01-20T13:36:41","guid":{"rendered":"https:\/\/work-profi.ch\/?page_id=2200"},"modified":"2022-07-24T13:46:40","modified_gmt":"2022-07-24T11:46:40","slug":"impressum","status":"publish","type":"page","link":"https:\/\/work-profi.ch\/en\/impressum\/","title":{"rendered":"Imprint"},"content":{"rendered":"<p><strong><em>Kontakt-Adresse<\/em><\/strong><\/p>\n\n\n\n<p>Workprofi GmbH<br>S\u00e4gereistrasse 21<br>8152 Glattbrugg<br>Schweiz<\/p>\n\n\n\n<p>E-Mail:<br>info@workprofi.ch<\/p>\n\n\n\n<p><strong><em>Vertretungsberechtigte Person(en)<\/em><\/strong><\/p>\n\n\n\n<p>Jubeir Widmer, Gesch\u00e4ftsf\u00fchrer<\/p>\n\n\n\n<p><strong><em>Handelsregister-Eintrag<\/em><\/strong><\/p>\n\n\n\n<p>Eingetragener Firmenname:<br><strong>Workprofi GmbH<\/strong><\/p>\n\n\n\n<p>Unternehmens-Nr (UID):<br><strong>CHE-188.883.894<\/strong><\/p>\n\n\n\n<p>Mehrwertsteuer-Nummer<br><strong>CHE-188.883.894 MWST<\/strong><br><br><\/p>\n\n\n\n<p><strong><em>Haftungsausschluss<\/em><\/strong><\/p>\n\n\n\n<p>Der Autor \u00fcbernimmt keinerlei Gew\u00e4hr hinsichtlich der inhaltlichen Richtigkeit, Genauigkeit, Aktualit\u00e4t, Zuverl\u00e4ssigkeit und Vollst\u00e4ndigkeit der Informationen.<\/p>\n\n\n\n<p>Haftungsanspr\u00fcche gegen den Autor wegen Sch\u00e4den materieller oder immaterieller Art, welche aus dem Zugriff oder der Nutzung bzw. Nichtnutzung der ver\u00f6ffentlichten Informationen, durch Missbrauch der Verbindung oder durch technische St\u00f6rungen entstanden sind, werden ausgeschlossen.<\/p>\n\n\n\n<p>Alle Angebote sind unverbindlich. Der Autor beh\u00e4lt es sich ausdr\u00fccklich vor, Teile der Seiten oder das gesamte Angebot ohne besondere Ank\u00fcndigung zu ver\u00e4ndern, zu erg\u00e4nzen, zu l\u00f6schen oder die Ver\u00f6ffentlichung zeitweise oder endg\u00fcltig einzustellen.<\/p>\n\n\n\n<p><strong><em>Haftungsausschluss f\u00fcr Links<\/em><\/strong><\/p>\n\n\n\n<p>Verweise und Links auf Webseiten Dritter liegen ausserhalb unseres Verantwortungsbereichs. Es wird jegliche Verantwortung f\u00fcr solche Webseiten abgelehnt. Der Zugriff und die Nutzung solcher Webseiten erfolgen auf eigene Gefahr des jeweiligen Nutzers.<\/p>\n\n\n\n<p><strong><em>Urheberrechte<\/em><\/strong><\/p>\n\n\n\n<p>Die Urheber- und alle anderen Rechte an Inhalten, Bildern, Fotos oder anderen Dateien auf dieser Website, geh\u00f6ren ausschliesslich <strong>der Firma Workprofi GmbH<\/strong> oder den speziell genannten Rechteinhabern. F\u00fcr die Reproduktion jeglicher Elemente ist die schriftliche Zustimmung des Urheberrechtstr\u00e4gers im Voraus einzuholen.<\/p>","protected":false},"excerpt":{"rendered":"<p>Kontakt-Adresse Workprofi GmbHS\u00e4gereistrasse 218152 GlattbruggSchweiz E-Mail:info@workprofi.ch Vertretungsberechtigte Person(en) Jubeir Widmer, Gesch\u00e4ftsf\u00fchrer Handelsregister-Eintrag Eingetragener Firmenname:Workprofi GmbH Unternehmens-Nr (UID):CHE-188.883.894 Mehrwertsteuer-NummerCHE-188.883.894 MWST Haftungsausschluss Der Autor \u00fcbernimmt keinerlei Gew\u00e4hr hinsichtlich der inhaltlichen Richtigkeit, Genauigkeit, Aktualit\u00e4t, Zuverl\u00e4ssigkeit und Vollst\u00e4ndigkeit der Informationen. Haftungsanspr\u00fcche gegen den Autor wegen Sch\u00e4den materieller oder immaterieller Art, welche aus dem Zugriff oder der Nutzung bzw. Nichtnutzung der ver\u00f6ffentlichten Informationen, durch Missbrauch der Verbindung oder durch technische St\u00f6rungen entstanden sind, werden ausgeschlossen. Alle Angebote sind unverbindlich. Der Autor beh\u00e4lt es sich ausdr\u00fccklich vor, Teile der Seiten oder das gesamte Angebot ohne besondere Ank\u00fcndigung zu ver\u00e4ndern, zu erg\u00e4nzen, zu l\u00f6schen oder die Ver\u00f6ffentlichung zeitweise oder endg\u00fcltig einzustellen. Haftungsausschluss f\u00fcr Links Verweise und Links auf Webseiten Dritter liegen ausserhalb unseres Verantwortungsbereichs. Es wird jegliche Verantwortung f\u00fcr solche Webseiten abgelehnt. Der Zugriff und die Nutzung solcher Webseiten erfolgen auf eigene Gefahr des jeweiligen Nutzers. Urheberrechte Die Urheber- und alle anderen Rechte an Inhalten, Bildern, Fotos&hellip;<\/p>\n<p> <a class=\"more-link\" href=\"https:\/\/work-profi.ch\/en\/impressum\/\">Read more<\/a><\/p>","protected":false},"author":1,"featured_media":0,"parent":0,"menu_order":0,"comment_status":"closed","ping_status":"closed","template":"","meta":{"inline_featured_image":false,"footnotes":""},"class_list":["post-2200","page","type-page","status-publish"],"_links":{"self":[{"href":"https:\/\/work-profi.ch\/en\/wp-json\/wp\/v2\/pages\/2200","targetHints":{"allow":["GET"]}}],"collection":[{"href":"https:\/\/work-profi.ch\/en\/wp-json\/wp\/v2\/pages"}],"about":[{"href":"https:\/\/work-profi.ch\/en\/wp-json\/wp\/v2\/types\/page"}],"author":[{"embeddable":true,"href":"https:\/\/work-profi.ch\/en\/wp-json\/wp\/v2\/users\/1"}],"replies":[{"embeddable":true,"href":"https:\/\/work-profi.ch\/en\/wp-json\/wp\/v2\/comments?post=2200"}],"version-history":[{"count":2,"href":"https:\/\/work-profi.ch\/en\/wp-json\/wp\/v2\/pages\/2200\/revisions"}],"predecessor-version":[{"id":2624,"href":"https:\/\/work-profi.ch\/en\/wp-json\/wp\/v2\/pages\/2200\/revisions\/2624"}],"wp:attachment":[{"href":"https:\/\/work-profi.ch\/en\/wp-json\/wp\/v2\/media?parent=2200"}],"curies":[{"name":"wp","href":"https:\/\/api.w.org\/{rel}","templated":true}]}}